{"id":41,"date":"2024-11-27T10:52:12","date_gmt":"2024-11-27T10:52:12","guid":{"rendered":"http:\/\/www.trnovareality.cz\/?page_id=41"},"modified":"2024-11-27T12:16:21","modified_gmt":"2024-11-27T12:16:21","slug":"kontakt","status":"publish","type":"page","link":"https:\/\/www.trnovareality.cz\/?page_id=41","title":{"rendered":"Kontakt"},"content":{"rendered":"\n<figure class=\"wp-block-image size-large is-resized\"><img loading=\"lazy\" decoding=\"async\" width=\"662\" height=\"1024\" src=\"http:\/\/www.trnovareality.cz\/wp-content\/uploads\/2024\/11\/IMG_8892-1-662x1024.jpg\" alt=\"\" class=\"wp-image-59\" style=\"width:163px;height:auto\" srcset=\"https:\/\/www.trnovareality.cz\/wp-content\/uploads\/2024\/11\/IMG_8892-1-662x1024.jpg 662w, https:\/\/www.trnovareality.cz\/wp-content\/uploads\/2024\/11\/IMG_8892-1-194x300.jpg 194w, https:\/\/www.trnovareality.cz\/wp-content\/uploads\/2024\/11\/IMG_8892-1-768x1187.jpg 768w, https:\/\/www.trnovareality.cz\/wp-content\/uploads\/2024\/11\/IMG_8892-1-993x1536.jpg 993w, https:\/\/www.trnovareality.cz\/wp-content\/uploads\/2024\/11\/IMG_8892-1.jpg 1117w\" sizes=\"auto, (max-width: 662px) 100vw, 662px\" \/><\/figure>\n\n\n\n<p><\/p>\n\n\n\n<p>Mark\u00e9ta \u0160efrnov\u00e1<\/p>\n\n\n\n<p>+420 736 276 283<\/p>\n\n\n\n<p>marketasefrnova@email.cz<\/p>\n","protected":false},"excerpt":{"rendered":"<p>Mark\u00e9ta \u0160efrnov\u00e1 +420 736 276 283 marketasefrnova@email.cz<\/p>\n","protected":false},"author":1,"featured_media":0,"parent":0,"menu_order":0,"comment_status":"closed","ping_status":"closed","template":"","meta":{"footnotes":""},"class_list":["post-41","page","type-page","status-publish","hentry"],"_links":{"self":[{"href":"https:\/\/www.trnovareality.cz\/index.php?rest_route=\/wp\/v2\/pages\/41","targetHints":{"allow":["GET"]}}],"collection":[{"href":"https:\/\/www.trnovareality.cz\/index.php?rest_route=\/wp\/v2\/pages"}],"about":[{"href":"https:\/\/www.trnovareality.cz\/index.php?rest_route=\/wp\/v2\/types\/page"}],"author":[{"embeddable":true,"href":"https:\/\/www.trnovareality.cz\/index.php?rest_route=\/wp\/v2\/users\/1"}],"replies":[{"embeddable":true,"href":"https:\/\/www.trnovareality.cz\/index.php?rest_route=%2Fwp%2Fv2%2Fcomments&post=41"}],"version-history":[{"count":7,"href":"https:\/\/www.trnovareality.cz\/index.php?rest_route=\/wp\/v2\/pages\/41\/revisions"}],"predecessor-version":[{"id":64,"href":"https:\/\/www.trnovareality.cz\/index.php?rest_route=\/wp\/v2\/pages\/41\/revisions\/64"}],"wp:attachment":[{"href":"https:\/\/www.trnovareality.cz\/index.php?rest_route=%2Fwp%2Fv2%2Fmedia&parent=41"}],"curies":[{"name":"wp","href":"https:\/\/api.w.org\/{rel}","templated":true}]}}